{"id":1865,"date":"2023-12-03T17:54:14","date_gmt":"2023-12-03T16:54:14","guid":{"rendered":"http:\/\/mafrens.com\/?page_id=1865"},"modified":"2024-12-13T18:01:32","modified_gmt":"2024-12-13T17:01:32","slug":"contacto","status":"publish","type":"page","link":"https:\/\/mafrens.com\/en\/contacto\/","title":{"rendered":"Contact"},"content":{"rendered":"<div data-elementor-type=\"wp-page\" data-elementor-id=\"1865\" class=\"elementor elementor-1865\">\n\t\t\t\t\t\t<section class=\"elementor-section elementor-top-section elementor-element elementor-element-30f50e07 elementor-section-stretched elementor-section-content-middle elementor-section-height-min-height elementor-section-boxed elementor-section-height-default elementor-section-items-middle\" data-id=\"30f50e07\" data-element_type=\"section\" data-e-type=\"section\" data-settings=\"{&quot;stretch_section&quot;:&quot;section-stretched&quot;,&quot;background_background&quot;:&quot;classic&quot;}\">\n\t\t\t\t\t\t\t<div class=\"elementor-background-overlay\"><\/div>\n\t\t\t\t\t\t\t<div class=\"elementor-container elementor-column-gap-default\">\n\t\t\t\t\t<div class=\"elementor-column elementor-col-100 elementor-top-column elementor-element elementor-element-17fa2a32\" data-id=\"17fa2a32\" data-element_type=\"column\" data-e-type=\"column\">\n\t\t\t<div class=\"elementor-widget-wrap elementor-element-populated\">\n\t\t\t\t\t\t<div class=\"elementor-element elementor-element-61a48f1d elementor-widget elementor-widget-heading\" data-id=\"61a48f1d\" data-element_type=\"widget\" data-e-type=\"widget\" data-widget_type=\"heading.default\">\n\t\t\t\t<div class=\"elementor-widget-container\">\n\t\t\t\t\t<h2 class=\"elementor-heading-title elementor-size-default\">CONTACT US<\/h2>\t\t\t\t<\/div>\n\t\t\t\t<\/div>\n\t\t\t\t<div class=\"elementor-element elementor-element-2d2ea37d elementor-widget-tablet__width-initial elementor-widget elementor-widget-heading\" data-id=\"2d2ea37d\" data-element_type=\"widget\" data-e-type=\"widget\" data-widget_type=\"heading.default\">\n\t\t\t\t<div class=\"elementor-widget-container\">\n\t\t\t\t\t<h2 class=\"elementor-heading-title elementor-size-default\">Where <br>are we?<\/h2>\t\t\t\t<\/div>\n\t\t\t\t<\/div>\n\t\t\t\t<div class=\"elementor-element elementor-element-5bd4e68a elementor-widget-divider--view-line elementor-widget elementor-widget-divider\" data-id=\"5bd4e68a\" data-element_type=\"widget\" data-e-type=\"widget\" data-widget_type=\"divider.default\">\n\t\t\t\t<div class=\"elementor-widget-container\">\n\t\t\t\t\t\t\t<div class=\"elementor-divider\">\n\t\t\t<span class=\"elementor-divider-separator\">\n\t\t\t\t\t\t<\/span>\n\t\t<\/div>\n\t\t\t\t\t\t<\/div>\n\t\t\t\t<\/div>\n\t\t\t\t<div class=\"elementor-element elementor-element-34004646 elementor-widget elementor-widget-text-editor\" data-id=\"34004646\" data-element_type=\"widget\" data-e-type=\"widget\" data-widget_type=\"text-editor.default\">\n\t\t\t\t<div class=\"elementor-widget-container\">\n\t\t\t\t\t\t\t\t\t<p>Located in the heart of La Latina, we are waiting for you!<\/p>\t\t\t\t\t\t\t\t<\/div>\n\t\t\t\t<\/div>\n\t\t\t\t\t<\/div>\n\t\t<\/div>\n\t\t\t\t\t<\/div>\n\t\t<\/section>\n\t\t<div class=\"elementor-element elementor-element-5ec2723 e-flex e-con-boxed e-con e-parent\" data-id=\"5ec2723\" data-element_type=\"container\" data-e-type=\"container\">\n\t\t\t\t\t<div class=\"e-con-inner\">\n\t\t\t\t<div class=\"elementor-element elementor-element-85fc98d elementor-widget elementor-widget-google_maps\" data-id=\"85fc98d\" data-element_type=\"widget\" data-e-type=\"widget\" data-widget_type=\"google_maps.default\">\n\t\t\t\t<div class=\"elementor-widget-container\">\n\t\t\t\t\t\t\t<div class=\"elementor-custom-embed\">\n\t\t\t<iframe loading=\"lazy\"\n\t\t\t\t\tsrc=\"https:\/\/www.google.com\/maps\/embed\/v1\/place?key=AIzaSyAjwmXnn9xN3yM7CBtRPA18Z5oKchCTVzs&#038;q=Plaza%20de%20Cascorro%2C%2012%2028005&#038;zoom=17\"\n\t\t\t\t\ttitle=\"Plaza de Cascorro, 12 28005\"\n\t\t\t\t\taria-label=\"Plaza de Cascorro, 12 28005\"\n\t\t\t><\/iframe>\n\t\t<\/div>\n\t\t\t\t\t\t<\/div>\n\t\t\t\t<\/div>\n\t\t\t\t\t<\/div>\n\t\t\t\t<\/div>\n\t\t<div class=\"elementor-element elementor-element-4c05a61 e-flex e-con-boxed e-con e-parent\" data-id=\"4c05a61\" data-element_type=\"container\" data-e-type=\"container\">\n\t\t\t\t\t<div class=\"e-con-inner\">\n\t\t<div class=\"elementor-element elementor-element-8e94bbe e-con-full e-flex e-con e-child\" data-id=\"8e94bbe\" data-element_type=\"container\" data-e-type=\"container\">\n\t\t\t\t<div class=\"elementor-element elementor-element-66457df elementor-view-default elementor-position-block-start elementor-mobile-position-block-start elementor-widget elementor-widget-icon-box\" data-id=\"66457df\" data-element_type=\"widget\" data-e-type=\"widget\" data-widget_type=\"icon-box.default\">\n\t\t\t\t<div class=\"elementor-widget-container\">\n\t\t\t\t\t\t\t<div class=\"elementor-icon-box-wrapper\">\n\n\t\t\t\t\t\t<div class=\"elementor-icon-box-icon\">\n\t\t\t\t<a href=\"tel:+34912508256\" class=\"elementor-icon\" tabindex=\"-1\" aria-label=\"Phone\">\n\t\t\t\t<i aria-hidden=\"true\" class=\"fas fa-phone-volume\"><\/i>\t\t\t\t<\/a>\n\t\t\t<\/div>\n\t\t\t\n\t\t\t\t\t\t<div class=\"elementor-icon-box-content\">\n\n\t\t\t\t\t\t\t\t\t<h3 class=\"elementor-icon-box-title\">\n\t\t\t\t\t\t<a href=\"tel:+34912508256\" >\n\t\t\t\t\t\t\tPhone\t\t\t\t\t\t<\/a>\n\t\t\t\t\t<\/h3>\n\t\t\t\t\n\t\t\t\t\t\t\t\t\t<p class=\"elementor-icon-box-description\">\n\t\t\t\t\t\t<a href=\"tel:+34912508256\">+34 912 50 82 56\t\t\t\t\t<\/p>\n\t\t\t\t\n\t\t\t<\/div>\n\t\t\t\n\t\t<\/div>\n\t\t\t\t\t\t<\/div>\n\t\t\t\t<\/div>\n\t\t\t\t<\/div>\n\t\t<div class=\"elementor-element elementor-element-015cef7 e-con-full e-flex e-con e-child\" data-id=\"015cef7\" data-element_type=\"container\" data-e-type=\"container\">\n\t\t\t\t<div class=\"elementor-element elementor-element-4643354 elementor-view-default elementor-position-block-start elementor-mobile-position-block-start elementor-widget elementor-widget-icon-box\" data-id=\"4643354\" data-element_type=\"widget\" data-e-type=\"widget\" data-widget_type=\"icon-box.default\">\n\t\t\t\t<div class=\"elementor-widget-container\">\n\t\t\t\t\t\t\t<div class=\"elementor-icon-box-wrapper\">\n\n\t\t\t\t\t\t<div class=\"elementor-icon-box-icon\">\n\t\t\t\t<a href=\"mailto:mafrens@mafrens.com\" class=\"elementor-icon\" tabindex=\"-1\" aria-label=\"Email\">\n\t\t\t\t<i aria-hidden=\"true\" class=\"icon icon-email\"><\/i>\t\t\t\t<\/a>\n\t\t\t<\/div>\n\t\t\t\n\t\t\t\t\t\t<div class=\"elementor-icon-box-content\">\n\n\t\t\t\t\t\t\t\t\t<h3 class=\"elementor-icon-box-title\">\n\t\t\t\t\t\t<a href=\"mailto:mafrens@mafrens.com\" >\n\t\t\t\t\t\t\tEmail\t\t\t\t\t\t<\/a>\n\t\t\t\t\t<\/h3>\n\t\t\t\t\n\t\t\t\t\t\t\t\t\t<p class=\"elementor-icon-box-description\">\n\t\t\t\t\t\t<a href=\"mailto:mafrens@mafrens.com\">mafrens@mafrens.\t\t\t\t\t<\/p>\n\t\t\t\t\n\t\t\t<\/div>\n\t\t\t\n\t\t<\/div>\n\t\t\t\t\t\t<\/div>\n\t\t\t\t<\/div>\n\t\t\t\t<\/div>\n\t\t<div class=\"elementor-element elementor-element-696e25f e-con-full e-flex e-con e-child\" data-id=\"696e25f\" data-element_type=\"container\" data-e-type=\"container\">\n\t\t\t\t<div class=\"elementor-element elementor-element-71bc89f elementor-view-default elementor-position-block-start elementor-mobile-position-block-start elementor-widget elementor-widget-icon-box\" data-id=\"71bc89f\" data-element_type=\"widget\" data-e-type=\"widget\" data-widget_type=\"icon-box.default\">\n\t\t\t\t<div class=\"elementor-widget-container\">\n\t\t\t\t\t\t\t<div class=\"elementor-icon-box-wrapper\">\n\n\t\t\t\t\t\t<div class=\"elementor-icon-box-icon\">\n\t\t\t\t<a href=\"mailto:mafrens@mafrens.com\" class=\"elementor-icon\" tabindex=\"-1\" aria-label=\"Instagram\">\n\t\t\t\t<i aria-hidden=\"true\" class=\"icon icon-instagram-1\"><\/i>\t\t\t\t<\/a>\n\t\t\t<\/div>\n\t\t\t\n\t\t\t\t\t\t<div class=\"elementor-icon-box-content\">\n\n\t\t\t\t\t\t\t\t\t<h3 class=\"elementor-icon-box-title\">\n\t\t\t\t\t\t<a href=\"mailto:mafrens@mafrens.com\" >\n\t\t\t\t\t\t\tInstagram\t\t\t\t\t\t<\/a>\n\t\t\t\t\t<\/h3>\n\t\t\t\t\n\t\t\t\t\t\t\t\t\t<p class=\"elementor-icon-box-description\">\n\t\t\t\t\t\t<a href=\"https:\/\/www.instagram.com\/thisismafrens\/?hl=es\">@thisismafrens<\/a>\t\t\t\t\t<\/p>\n\t\t\t\t\n\t\t\t<\/div>\n\t\t\t\n\t\t<\/div>\n\t\t\t\t\t\t<\/div>\n\t\t\t\t<\/div>\n\t\t\t\t<\/div>\n\t\t<div class=\"elementor-element elementor-element-19d9792 e-con-full e-flex e-con e-child\" data-id=\"19d9792\" data-element_type=\"container\" data-e-type=\"container\">\n\t\t\t\t<div class=\"elementor-element elementor-element-16195ef elementor-view-default elementor-position-block-start elementor-mobile-position-block-start elementor-widget elementor-widget-icon-box\" data-id=\"16195ef\" data-element_type=\"widget\" data-e-type=\"widget\" data-widget_type=\"icon-box.default\">\n\t\t\t\t<div class=\"elementor-widget-container\">\n\t\t\t\t\t\t\t<div class=\"elementor-icon-box-wrapper\">\n\n\t\t\t\t\t\t<div class=\"elementor-icon-box-icon\">\n\t\t\t\t<a href=\"https:\/\/www.tiktok.com\/@thisismafrens\" class=\"elementor-icon\" tabindex=\"-1\" aria-label=\"Tiktok\">\n\t\t\t\t<i aria-hidden=\"true\" class=\"fab fa-tiktok\"><\/i>\t\t\t\t<\/a>\n\t\t\t<\/div>\n\t\t\t\n\t\t\t\t\t\t<div class=\"elementor-icon-box-content\">\n\n\t\t\t\t\t\t\t\t\t<h3 class=\"elementor-icon-box-title\">\n\t\t\t\t\t\t<a href=\"https:\/\/www.tiktok.com\/@thisismafrens\" >\n\t\t\t\t\t\t\tTiktok\t\t\t\t\t\t<\/a>\n\t\t\t\t\t<\/h3>\n\t\t\t\t\n\t\t\t\t\t\t\t\t\t<p class=\"elementor-icon-box-description\">\n\t\t\t\t\t\t<a href=\"https:\/\/www.tiktok.com\/@thisismafrens\">@thisismafrens<\/a>\t\t\t\t\t<\/p>\n\t\t\t\t\n\t\t\t<\/div>\n\t\t\t\n\t\t<\/div>\n\t\t\t\t\t\t<\/div>\n\t\t\t\t<\/div>\n\t\t\t\t<\/div>\n\t\t\t\t\t<\/div>\n\t\t\t\t<\/div>\n\t\t\t\t<section class=\"elementor-section elementor-top-section elementor-element elementor-element-79ce7f25 elementor-section-boxed elementor-section-height-default elementor-section-height-default\" data-id=\"79ce7f25\" data-element_type=\"section\" data-e-type=\"section\">\n\t\t\t\t\t\t<div class=\"elementor-container elementor-column-gap-no\">\n\t\t\t\t\t<div class=\"elementor-column elementor-col-50 elementor-top-column elementor-element elementor-element-24c4306e\" data-id=\"24c4306e\" data-element_type=\"column\" data-e-type=\"column\">\n\t\t\t<div class=\"elementor-widget-wrap elementor-element-populated\">\n\t\t\t\t\t\t<div class=\"elementor-element elementor-element-4b625796 elementor-widget elementor-widget-heading\" data-id=\"4b625796\" data-element_type=\"widget\" data-e-type=\"widget\" data-widget_type=\"heading.default\">\n\t\t\t\t<div class=\"elementor-widget-container\">\n\t\t\t\t\t<h3 class=\"elementor-heading-title elementor-size-default\">WE OPEN EVERYDAY<\/h3>\t\t\t\t<\/div>\n\t\t\t\t<\/div>\n\t\t\t\t\t<\/div>\n\t\t<\/div>\n\t\t\t\t<div class=\"elementor-column elementor-col-50 elementor-top-column elementor-element elementor-element-7ba2100b\" data-id=\"7ba2100b\" data-element_type=\"column\" data-e-type=\"column\">\n\t\t\t<div class=\"elementor-widget-wrap elementor-element-populated\">\n\t\t\t\t\t\t<section class=\"elementor-section elementor-inner-section elementor-element elementor-element-32e351b4 elementor-section-boxed elementor-section-height-default elementor-section-height-default\" data-id=\"32e351b4\" data-element_type=\"section\" data-e-type=\"section\">\n\t\t\t\t\t\t<div class=\"elementor-container elementor-column-gap-default\">\n\t\t\t\t\t<div class=\"elementor-column elementor-col-100 elementor-inner-column elementor-element elementor-element-f3acbc3\" data-id=\"f3acbc3\" data-element_type=\"column\" data-e-type=\"column\" data-settings=\"{&quot;background_background&quot;:&quot;classic&quot;}\">\n\t\t\t<div class=\"elementor-widget-wrap elementor-element-populated\">\n\t\t\t\t\t\t<div class=\"elementor-element elementor-element-3347e584 elementor-widget elementor-widget-text-editor\" data-id=\"3347e584\" data-element_type=\"widget\" data-e-type=\"widget\" data-widget_type=\"text-editor.default\">\n\t\t\t\t<div class=\"elementor-widget-container\">\n\t\t\t\t\t\t\t\t\t<p>10:00 \u2013 17:00 Monday<\/p><p>10:00 \u2013 17:00 Tuesday<\/p><p>10:00 \u2013 17:00 Wednesday<\/p><p>10:00 \u2013 17:00 Thrusday<\/p><p>10:00 \u2013 20:00 Friday<\/p><p>10:00 \u2013 20:00 Saturday<\/p><p>09:30 \u2013 20:00 Sunday<\/p>\t\t\t\t\t\t\t\t<\/div>\n\t\t\t\t<\/div>\n\t\t\t\t\t<\/div>\n\t\t<\/div>\n\t\t\t\t\t<\/div>\n\t\t<\/section>\n\t\t\t\t\t<\/div>\n\t\t<\/div>\n\t\t\t\t\t<\/div>\n\t\t<\/section>\n\t\t\t\t<\/div>","protected":false},"excerpt":{"rendered":"<p>cont\u00e1ctanos \u00bfD\u00f3nde estamos? Ubicados en pleno coraz\u00f3n de La Latina. \u00a1Os esperamos! Tel\u00e9fono +34 912 50 82 56 Email mafrens@mafrens. Instagram @thisismafrens Tiktok @thisismafrens abrimos todos los d\u00edas 10:00 &#8211; 17:00 Lunes 10:00 &#8211; 17:00 Martes 10:00 &#8211; 17:00 Mi\u00e9rcoles 10:00 &#8211; 17:00 Jueves 10:00 &#8211; 20:00 Viernes 10:00 &#8211; 20:00 S\u00e1bado 09:30 &#8211; 20:00 [&hellip;]<\/p>","protected":false},"author":241229714,"featured_media":0,"parent":0,"menu_order":0,"comment_status":"closed","ping_status":"closed","template":"","meta":{"site-sidebar-layout":"no-sidebar","site-content-layout":"","ast-site-content-layout":"full-width-container","site-content-style":"default","site-sidebar-style":"default","ast-global-header-display":"","ast-banner-title-visibility":"","ast-main-header-display":"","ast-hfb-above-header-display":"","ast-hfb-below-header-display":"","ast-hfb-mobile-header-display":"","site-post-title":"disabled","ast-breadcrumbs-content":"","ast-featured-img":"disabled","footer-sml-layout":"","theme-transparent-header-meta":"","adv-header-id-meta":"","stick-header-meta":"","header-above-stick-meta":"","header-main-stick-meta":"","header-below-stick-meta":"","astra-migrate-meta-layouts":"default","ast-page-background-enabled":"default","ast-page-background-meta":{"desktop":{"background-color":"var(--ast-global-color-4)","background-image":"","background-repeat":"repeat","background-position":"center center","background-size":"auto","background-attachment":"scroll","background-type":"","background-media":"","overlay-type":"","overlay-color":"","overlay-opacity":"","overlay-gradient":""},"tablet":{"background-color":"","background-image":"","background-repeat":"repeat","background-position":"center center","background-size":"auto","background-attachment":"scroll","background-type":"","background-media":"","overlay-type":"","overlay-color":"","overlay-opacity":"","overlay-gradient":""},"mobile":{"background-color":"","background-image":"","background-repeat":"repeat","background-position":"center center","background-size":"auto","background-attachment":"scroll","background-type":"","background-media":"","overlay-type":"","overlay-color":"","overlay-opacity":"","overlay-gradient":""}},"ast-content-background-meta":{"desktop":{"background-color":"var(--ast-global-color-5)","background-image":"","background-repeat":"repeat","background-position":"center center","background-size":"auto","background-attachment":"scroll","background-type":"","background-media":"","overlay-type":"","overlay-color":"","overlay-opacity":"","overlay-gradient":""},"tablet":{"background-color":"var(--ast-global-color-5)","background-image":"","background-repeat":"repeat","background-position":"center center","background-size":"auto","background-attachment":"scroll","background-type":"","background-media":"","overlay-type":"","overlay-color":"","overlay-opacity":"","overlay-gradient":""},"mobile":{"background-color":"var(--ast-global-color-5)","background-image":"","background-repeat":"repeat","background-position":"center center","background-size":"auto","background-attachment":"scroll","background-type":"","background-media":"","overlay-type":"","overlay-color":"","overlay-opacity":"","overlay-gradient":""}},"footnotes":""},"class_list":["post-1865","page","type-page","status-publish","hentry"],"yoast_head":"<!-- This site is optimized with the Yoast SEO Premium plugin v20.0 (Yoast SEO v25.2) - https:\/\/yoast.com\/wordpress\/plugins\/seo\/ -->\n<title>Cont\u00e1ctanos - Mafrens<\/title>\n<meta name=\"description\" content=\"Encu\u00e9ntranos: Pl. de Cascorro, 12 (La Latina). Reserva aqu\u00ed. ??Tlf: 912 50 82 56 ??mafrens@mafrens.com ??Insta: @thisismafrens\" \/>\n<meta name=\"robots\" content=\"index, follow, max-snippet:-1, max-image-preview:large, max-video-preview:-1\" \/>\n<link rel=\"canonical\" href=\"https:\/\/mafrens.com\/en\/contacto\/\" \/>\n<meta property=\"og:locale\" content=\"en_GB\" \/>\n<meta property=\"og:type\" content=\"article\" \/>\n<meta property=\"og:title\" content=\"Contacto\" \/>\n<meta property=\"og:description\" content=\"Encu\u00e9ntranos: Pl. de Cascorro, 12 (La Latina). Reserva aqu\u00ed. ??Tlf: 912 50 82 56 ??mafrens@mafrens.com ??Insta: @thisismafrens\" \/>\n<meta property=\"og:url\" content=\"https:\/\/mafrens.com\/en\/contacto\/\" \/>\n<meta property=\"og:site_name\" content=\"Mafrens | Cafeter\u00eda healthy y Caf\u00e9 de especialidad en Madrid\" \/>\n<meta property=\"article:modified_time\" content=\"2024-12-13T17:01:32+00:00\" \/>\n<meta name=\"twitter:card\" content=\"summary_large_image\" \/>\n<meta name=\"twitter:label1\" content=\"Estimated reading time\" \/>\n\t<meta name=\"twitter:data1\" content=\"1 minute\" \/>\n<script type=\"application\/ld+json\" class=\"yoast-schema-graph\">{\"@context\":\"https:\/\/schema.org\",\"@graph\":[{\"@type\":\"WebPage\",\"@id\":\"https:\/\/mafrens.com\/contacto\/\",\"url\":\"https:\/\/mafrens.com\/contacto\/\",\"name\":\"Cont\u00e1ctanos - Mafrens\",\"isPartOf\":{\"@id\":\"https:\/\/mafrens.com\/#website\"},\"datePublished\":\"2023-12-03T16:54:14+00:00\",\"dateModified\":\"2024-12-13T17:01:32+00:00\",\"description\":\"Encu\u00e9ntranos: Pl. de Cascorro, 12 (La Latina). Reserva aqu\u00ed. ??Tlf: 912 50 82 56 ??mafrens@mafrens.com ??Insta: @thisismafrens\",\"breadcrumb\":{\"@id\":\"https:\/\/mafrens.com\/contacto\/#breadcrumb\"},\"inLanguage\":\"en-GB\",\"potentialAction\":[{\"@type\":\"ReadAction\",\"target\":[\"https:\/\/mafrens.com\/contacto\/\"]}]},{\"@type\":\"BreadcrumbList\",\"@id\":\"https:\/\/mafrens.com\/contacto\/#breadcrumb\",\"itemListElement\":[{\"@type\":\"ListItem\",\"position\":1,\"name\":\"Portada\",\"item\":\"https:\/\/mafrens.com\/\"},{\"@type\":\"ListItem\",\"position\":2,\"name\":\"Contacto\"}]},{\"@type\":\"WebSite\",\"@id\":\"https:\/\/mafrens.com\/#website\",\"url\":\"https:\/\/mafrens.com\/\",\"name\":\"Mafrens | Cafeter\u00eda healthy y Caf\u00e9 de especialidad en Madrid\",\"description\":\"Bienvenido a Mafrens: tu cafeter\u00eda healthy de confianza en La Latina. Caf\u00e9 de especialidad, brunch y comida saludable en Madrid. Desayunos - Comidas \u2013 Meriendas\",\"publisher\":{\"@id\":\"https:\/\/mafrens.com\/#organization\"},\"potentialAction\":[{\"@type\":\"SearchAction\",\"target\":{\"@type\":\"EntryPoint\",\"urlTemplate\":\"https:\/\/mafrens.com\/?s={search_term_string}\"},\"query-input\":{\"@type\":\"PropertyValueSpecification\",\"valueRequired\":true,\"valueName\":\"search_term_string\"}}],\"inLanguage\":\"en-GB\"},{\"@type\":\"Organization\",\"@id\":\"https:\/\/mafrens.com\/#organization\",\"name\":\"Mafrens | Cafeter\u00eda healthy y Caf\u00e9 de especialidad en Madrid\",\"url\":\"https:\/\/mafrens.com\/\",\"logo\":{\"@type\":\"ImageObject\",\"inLanguage\":\"en-GB\",\"@id\":\"https:\/\/mafrens.com\/#\/schema\/logo\/image\/\",\"url\":\"https:\/\/mafrens.com\/wp-content\/uploads\/2023\/10\/cropped-logo-png-1.png\",\"contentUrl\":\"https:\/\/mafrens.com\/wp-content\/uploads\/2023\/10\/cropped-logo-png-1.png\",\"width\":1079,\"height\":360,\"caption\":\"Mafrens | Cafeter\u00eda healthy y Caf\u00e9 de especialidad en Madrid\"},\"image\":{\"@id\":\"https:\/\/mafrens.com\/#\/schema\/logo\/image\/\"}}]}<\/script>\n<!-- \/ Yoast SEO Premium plugin. -->","yoast_head_json":{"title":"Cont\u00e1ctanos - Mafrens","description":"Encu\u00e9ntranos: Pl. de Cascorro, 12 (La Latina). Reserva aqu\u00ed. ??Tlf: 912 50 82 56 ??mafrens@mafrens.com ??Insta: @thisismafrens","robots":{"index":"index","follow":"follow","max-snippet":"max-snippet:-1","max-image-preview":"max-image-preview:large","max-video-preview":"max-video-preview:-1"},"canonical":"https:\/\/mafrens.com\/en\/contacto\/","og_locale":"en_GB","og_type":"article","og_title":"Contacto","og_description":"Encu\u00e9ntranos: Pl. de Cascorro, 12 (La Latina). Reserva aqu\u00ed. ??Tlf: 912 50 82 56 ??mafrens@mafrens.com ??Insta: @thisismafrens","og_url":"https:\/\/mafrens.com\/en\/contacto\/","og_site_name":"Mafrens | Cafeter\u00eda healthy y Caf\u00e9 de especialidad en Madrid","article_modified_time":"2024-12-13T17:01:32+00:00","twitter_card":"summary_large_image","twitter_misc":{"Estimated reading time":"1 minute"},"schema":{"@context":"https:\/\/schema.org","@graph":[{"@type":"WebPage","@id":"https:\/\/mafrens.com\/contacto\/","url":"https:\/\/mafrens.com\/contacto\/","name":"Cont\u00e1ctanos - Mafrens","isPartOf":{"@id":"https:\/\/mafrens.com\/#website"},"datePublished":"2023-12-03T16:54:14+00:00","dateModified":"2024-12-13T17:01:32+00:00","description":"Encu\u00e9ntranos: Pl. de Cascorro, 12 (La Latina). Reserva aqu\u00ed. ??Tlf: 912 50 82 56 ??mafrens@mafrens.com ??Insta: @thisismafrens","breadcrumb":{"@id":"https:\/\/mafrens.com\/contacto\/#breadcrumb"},"inLanguage":"en-GB","potentialAction":[{"@type":"ReadAction","target":["https:\/\/mafrens.com\/contacto\/"]}]},{"@type":"BreadcrumbList","@id":"https:\/\/mafrens.com\/contacto\/#breadcrumb","itemListElement":[{"@type":"ListItem","position":1,"name":"Portada","item":"https:\/\/mafrens.com\/"},{"@type":"ListItem","position":2,"name":"Contacto"}]},{"@type":"WebSite","@id":"https:\/\/mafrens.com\/#website","url":"https:\/\/mafrens.com\/","name":"Mafrens | Cafeter\u00eda healthy y Caf\u00e9 de especialidad en Madrid","description":"Bienvenido a Mafrens: tu cafeter\u00eda healthy de confianza en La Latina. Caf\u00e9 de especialidad, brunch y comida saludable en Madrid. Desayunos - Comidas \u2013 Meriendas","publisher":{"@id":"https:\/\/mafrens.com\/#organization"},"potentialAction":[{"@type":"SearchAction","target":{"@type":"EntryPoint","urlTemplate":"https:\/\/mafrens.com\/?s={search_term_string}"},"query-input":{"@type":"PropertyValueSpecification","valueRequired":true,"valueName":"search_term_string"}}],"inLanguage":"en-GB"},{"@type":"Organization","@id":"https:\/\/mafrens.com\/#organization","name":"Mafrens | Cafeter\u00eda healthy y Caf\u00e9 de especialidad en Madrid","url":"https:\/\/mafrens.com\/","logo":{"@type":"ImageObject","inLanguage":"en-GB","@id":"https:\/\/mafrens.com\/#\/schema\/logo\/image\/","url":"https:\/\/mafrens.com\/wp-content\/uploads\/2023\/10\/cropped-logo-png-1.png","contentUrl":"https:\/\/mafrens.com\/wp-content\/uploads\/2023\/10\/cropped-logo-png-1.png","width":1079,"height":360,"caption":"Mafrens | Cafeter\u00eda healthy y Caf\u00e9 de especialidad en Madrid"},"image":{"@id":"https:\/\/mafrens.com\/#\/schema\/logo\/image\/"}}]}},"_links":{"self":[{"href":"https:\/\/mafrens.com\/en\/wp-json\/wp\/v2\/pages\/1865","targetHints":{"allow":["GET"]}}],"collection":[{"href":"https:\/\/mafrens.com\/en\/wp-json\/wp\/v2\/pages"}],"about":[{"href":"https:\/\/mafrens.com\/en\/wp-json\/wp\/v2\/types\/page"}],"author":[{"embeddable":true,"href":"https:\/\/mafrens.com\/en\/wp-json\/wp\/v2\/users\/241229714"}],"replies":[{"embeddable":true,"href":"https:\/\/mafrens.com\/en\/wp-json\/wp\/v2\/comments?post=1865"}],"version-history":[{"count":100,"href":"https:\/\/mafrens.com\/en\/wp-json\/wp\/v2\/pages\/1865\/revisions"}],"predecessor-version":[{"id":3967,"href":"https:\/\/mafrens.com\/en\/wp-json\/wp\/v2\/pages\/1865\/revisions\/3967"}],"wp:attachment":[{"href":"https:\/\/mafrens.com\/en\/wp-json\/wp\/v2\/media?parent=1865"}],"curies":[{"name":"wp","href":"https:\/\/api.w.org\/{rel}","templated":true}]}}