{"id":3086,"date":"2024-01-28T21:05:55","date_gmt":"2024-01-28T20:05:55","guid":{"rendered":"https:\/\/mafrens.com\/?page_id=3086"},"modified":"2025-10-31T20:25:14","modified_gmt":"2025-10-31T19:25:14","slug":"menu-mafrens","status":"publish","type":"page","link":"https:\/\/mafrens.com\/en\/menu-mafrens\/","title":{"rendered":"Men\u00fa mafrens"},"content":{"rendered":"<div data-elementor-type=\"wp-page\" data-elementor-id=\"3086\" class=\"elementor elementor-3086\">\n\t\t\t\t<div class=\"elementor-element elementor-element-5c09a42 e-con-full e-flex e-con e-parent\" data-id=\"5c09a42\" data-element_type=\"container\" data-e-type=\"container\" data-settings=\"{&quot;background_background&quot;:&quot;classic&quot;}\">\n\t\t<div class=\"elementor-element elementor-element-ca7b788 e-flex e-con-boxed e-con e-child\" data-id=\"ca7b788\" data-element_type=\"container\" data-e-type=\"container\">\n\t\t\t\t\t<div class=\"e-con-inner\">\n\t\t\t\t<div class=\"elementor-element elementor-element-1f45d8b elementor-widget elementor-widget-heading\" data-id=\"1f45d8b\" data-element_type=\"widget\" data-e-type=\"widget\" data-widget_type=\"heading.default\">\n\t\t\t\t<div class=\"elementor-widget-container\">\n\t\t\t\t\t<h2 class=\"elementor-heading-title elementor-size-default\">MENU BRUNCH MADRID<\/h2>\t\t\t\t<\/div>\n\t\t\t\t<\/div>\n\t\t\t\t<div class=\"elementor-element elementor-element-c8c57ae elementor-widget elementor-widget-heading\" data-id=\"c8c57ae\" data-element_type=\"widget\" data-e-type=\"widget\" data-widget_type=\"heading.default\">\n\t\t\t\t<div class=\"elementor-widget-container\">\n\t\t\t\t\t<h1 class=\"elementor-heading-title elementor-size-default\">MENU<\/h1>\t\t\t\t<\/div>\n\t\t\t\t<\/div>\n\t\t<div class=\"elementor-element elementor-element-79d12ee e-flex e-con-boxed e-con e-child\" data-id=\"79d12ee\" data-element_type=\"container\" data-e-type=\"container\">\n\t\t\t\t\t<div class=\"e-con-inner\">\n\t\t\t\t<div class=\"elementor-element elementor-element-e9dbf8b elementor-align-right elementor-mobile-align-justify elementor-widget elementor-widget-button\" data-id=\"e9dbf8b\" data-element_type=\"widget\" data-e-type=\"widget\" data-widget_type=\"button.default\">\n\t\t\t\t<div class=\"elementor-widget-container\">\n\t\t\t\t\t\t\t\t\t<div class=\"elementor-button-wrapper\">\n\t\t\t\t\t<a class=\"elementor-button elementor-button-link elementor-size-xl\" href=\"https:\/\/mafrens.myrestoo.net\/es\/reservar\/\">\n\t\t\t\t\t\t<span class=\"elementor-button-content-wrapper\">\n\t\t\t\t\t\t\t\t\t<span class=\"elementor-button-text\">Book a table<\/span>\n\t\t\t\t\t<\/span>\n\t\t\t\t\t<\/a>\n\t\t\t\t<\/div>\n\t\t\t\t\t\t\t\t<\/div>\n\t\t\t\t<\/div>\n\t\t\t\t<div class=\"elementor-element elementor-element-cb9a02d elementor-align-left elementor-mobile-align-justify elementor-widget elementor-widget-button\" data-id=\"cb9a02d\" data-element_type=\"widget\" data-e-type=\"widget\" data-widget_type=\"button.default\">\n\t\t\t\t<div class=\"elementor-widget-container\">\n\t\t\t\t\t\t\t\t\t<div class=\"elementor-button-wrapper\">\n\t\t\t\t\t<a class=\"elementor-button elementor-button-link elementor-size-md\" href=\"https:\/\/mafrens.com\/wp-content\/uploads\/2025\/07\/Menu-mafrens-2025-EN.pdf\">\n\t\t\t\t\t\t<span class=\"elementor-button-content-wrapper\">\n\t\t\t\t\t\t\t\t\t<span class=\"elementor-button-text\">PDF Menu<\/span>\n\t\t\t\t\t<\/span>\n\t\t\t\t\t<\/a>\n\t\t\t\t<\/div>\n\t\t\t\t\t\t\t\t<\/div>\n\t\t\t\t<\/div>\n\t\t\t\t\t<\/div>\n\t\t\t\t<\/div>\n\t\t\t\t\t<\/div>\n\t\t\t\t<\/div>\n\t\t\t\t<\/div>\n\t\t<div class=\"elementor-element elementor-element-2f2e435 e-flex e-con-boxed e-con e-parent\" data-id=\"2f2e435\" data-element_type=\"container\" data-e-type=\"container\">\n\t\t\t\t\t<div class=\"e-con-inner\">\n\t\t\t\t<div class=\"elementor-element elementor-element-4e6c2c0 elementor-widget elementor-widget-spacer\" data-id=\"4e6c2c0\" data-element_type=\"widget\" data-e-type=\"widget\" data-widget_type=\"spacer.default\">\n\t\t\t\t<div class=\"elementor-widget-container\">\n\t\t\t\t\t\t\t<div class=\"elementor-spacer\">\n\t\t\t<div class=\"elementor-spacer-inner\"><\/div>\n\t\t<\/div>\n\t\t\t\t\t\t<\/div>\n\t\t\t\t<\/div>\n\t\t\t\t<div class=\"elementor-element elementor-element-68c6b0e elementor-widget elementor-widget-heading\" data-id=\"68c6b0e\" data-element_type=\"widget\" data-e-type=\"widget\" data-widget_type=\"heading.default\">\n\t\t\t\t<div class=\"elementor-widget-container\">\n\t\t\t\t\t<h2 class=\"elementor-heading-title elementor-size-default\">How does our brunch work?<\/h2>\t\t\t\t<\/div>\n\t\t\t\t<\/div>\n\t\t\t\t<div class=\"elementor-element elementor-element-44d3b61 elementor-widget elementor-widget-text-editor\" data-id=\"44d3b61\" data-element_type=\"widget\" data-e-type=\"widget\" data-widget_type=\"text-editor.default\">\n\t\t\t\t<div class=\"elementor-widget-container\">\n\t\t\t\t\t\t\t\t\t<p>Turn any dish from the menu into brunch for 7\u20ac more!<\/p>\t\t\t\t\t\t\t\t<\/div>\n\t\t\t\t<\/div>\n\t\t\t\t\t<\/div>\n\t\t\t\t<\/div>\n\t\t<div class=\"elementor-element elementor-element-517db801 e-flex e-con-boxed e-con e-child\" data-id=\"517db801\" data-element_type=\"container\" data-e-type=\"container\">\n\t\t\t\t\t<div class=\"e-con-inner\">\n\t\t<div class=\"elementor-element elementor-element-3f2da57c e-con-full e-flex e-con e-child\" data-id=\"3f2da57c\" data-element_type=\"container\" data-e-type=\"container\">\n\t\t\t\t<div class=\"elementor-element elementor-element-35d375f elementor-widget elementor-widget-image\" data-id=\"35d375f\" data-element_type=\"widget\" data-e-type=\"widget\" data-widget_type=\"image.default\">\n\t\t\t\t<div class=\"elementor-widget-container\">\n\t\t\t\t\t\t\t\t\t\t\t\t\t\t\t<img decoding=\"async\" src=\"https:\/\/mafrens.com\/wp-content\/uploads\/elementor\/thumbs\/pancakes-qu1yuaqqhl9940xx4l3iq7riajcuufl7eh15mc14sy.png\" title=\"pancakes\" alt=\"Icono de pancakes\" loading=\"lazy\" \/>\t\t\t\t\t\t\t\t\t\t\t\t\t\t\t<\/div>\n\t\t\t\t<\/div>\n\t\t\t\t<div class=\"elementor-element elementor-element-67b30068 elementor-widget elementor-widget-heading\" data-id=\"67b30068\" data-element_type=\"widget\" data-e-type=\"widget\" data-widget_type=\"heading.default\">\n\t\t\t\t<div class=\"elementor-widget-container\">\n\t\t\t\t\t<h4 class=\"elementor-heading-title elementor-size-default\">Choose any dish from the menu<\/h4>\t\t\t\t<\/div>\n\t\t\t\t<\/div>\n\t\t\t\t<\/div>\n\t\t<div class=\"elementor-element elementor-element-6fc80e3c e-con-full e-flex e-con e-child\" data-id=\"6fc80e3c\" data-element_type=\"container\" data-e-type=\"container\">\n\t\t\t\t<div class=\"elementor-element elementor-element-46a1ba87 elementor-widget elementor-widget-image\" data-id=\"46a1ba87\" data-element_type=\"widget\" data-e-type=\"widget\" data-widget_type=\"image.default\">\n\t\t\t\t<div class=\"elementor-widget-container\">\n\t\t\t\t\t\t\t\t\t\t\t\t\t\t\t<img decoding=\"async\" src=\"https:\/\/mafrens.com\/wp-content\/uploads\/elementor\/thumbs\/cup-qu1zel3bzv11p1h1nusn1lgnuxd1z94n6vxfiby8ia.png\" title=\"cup\" alt=\"cup\" loading=\"lazy\" \/>\t\t\t\t\t\t\t\t\t\t\t\t\t\t\t<\/div>\n\t\t\t\t<\/div>\n\t\t\t\t<div class=\"elementor-element elementor-element-7edd4e88 elementor-widget elementor-widget-heading\" data-id=\"7edd4e88\" data-element_type=\"widget\" data-e-type=\"widget\" data-widget_type=\"heading.default\">\n\t\t\t\t<div class=\"elementor-widget-container\">\n\t\t\t\t\t<h4 class=\"elementor-heading-title elementor-size-default\">Choose your fav coffee or tea<\/h4>\t\t\t\t<\/div>\n\t\t\t\t<\/div>\n\t\t\t\t<\/div>\n\t\t<div class=\"elementor-element elementor-element-57599cd4 e-con-full e-flex e-con e-child\" data-id=\"57599cd4\" data-element_type=\"container\" data-e-type=\"container\">\n\t\t\t\t<div class=\"elementor-element elementor-element-3f737872 elementor-widget elementor-widget-image\" data-id=\"3f737872\" data-element_type=\"widget\" data-e-type=\"widget\" data-widget_type=\"image.default\">\n\t\t\t\t<div class=\"elementor-widget-container\">\n\t\t\t\t\t\t\t\t\t\t\t\t\t\t\t<img decoding=\"async\" src=\"https:\/\/mafrens.com\/wp-content\/uploads\/elementor\/thumbs\/yoghurt-qu1zcd71qk414dvq6i68g1qn9fvoxszvyq0n3o6z72.png\" title=\"yoghurt\" alt=\"yoghurt\" loading=\"lazy\" \/>\t\t\t\t\t\t\t\t\t\t\t\t\t\t\t<\/div>\n\t\t\t\t<\/div>\n\t\t\t\t<div class=\"elementor-element elementor-element-25bc9efe elementor-widget elementor-widget-heading\" data-id=\"25bc9efe\" data-element_type=\"widget\" data-e-type=\"widget\" data-widget_type=\"heading.default\">\n\t\t\t\t<div class=\"elementor-widget-container\">\n\t\t\t\t\t<h4 class=\"elementor-heading-title elementor-size-default\">Choose between:<\/h4>\t\t\t\t<\/div>\n\t\t\t\t<\/div>\n\t\t\t\t<div class=\"elementor-element elementor-element-12cefe32 elementor-widget elementor-widget-text-editor\" data-id=\"12cefe32\" data-element_type=\"widget\" data-e-type=\"widget\" data-widget_type=\"text-editor.default\">\n\t\t\t\t<div class=\"elementor-widget-container\">\n\t\t\t\t\t\t\t\t\t<p>Natural yoghurt with jam, granola and fruit \/ Oatmeal porridge with fruit compote and honey<\/p>\t\t\t\t\t\t\t\t<\/div>\n\t\t\t\t<\/div>\n\t\t\t\t<\/div>\n\t\t<div class=\"elementor-element elementor-element-3947a8b0 e-con-full e-flex e-con e-child\" data-id=\"3947a8b0\" data-element_type=\"container\" data-e-type=\"container\">\n\t\t\t\t<div class=\"elementor-element elementor-element-440d0be7 elementor-widget elementor-widget-image\" data-id=\"440d0be7\" data-element_type=\"widget\" data-e-type=\"widget\" data-widget_type=\"image.default\">\n\t\t\t\t<div class=\"elementor-widget-container\">\n\t\t\t\t\t\t\t\t\t\t\t\t\t\t\t<img decoding=\"async\" src=\"https:\/\/mafrens.com\/wp-content\/uploads\/elementor\/thumbs\/orange-juice-qu1z7wgne9vn4v6koys5ba6nsab38qlcxsx4nhv0r6.png\" title=\"orange-juice\" alt=\"orange-juice\" loading=\"lazy\" \/>\t\t\t\t\t\t\t\t\t\t\t\t\t\t\t<\/div>\n\t\t\t\t<\/div>\n\t\t\t\t<div class=\"elementor-element elementor-element-70798ffb elementor-widget elementor-widget-heading\" data-id=\"70798ffb\" data-element_type=\"widget\" data-e-type=\"widget\" data-widget_type=\"heading.default\">\n\t\t\t\t<div class=\"elementor-widget-container\">\n\t\t\t\t\t<h4 class=\"elementor-heading-title elementor-size-default\">Choice between fresh orange juice or homemade lemonade<\/h4>\t\t\t\t<\/div>\n\t\t\t\t<\/div>\n\t\t\t\t<\/div>\n\t\t\t\t\t<\/div>\n\t\t\t\t<\/div>\n\t\t<div class=\"elementor-element elementor-element-0ac03f4 e-flex e-con-boxed e-con e-parent\" data-id=\"0ac03f4\" data-element_type=\"container\" data-e-type=\"container\">\n\t\t\t\t\t<div class=\"e-con-inner\">\n\t\t\t\t<div class=\"elementor-element elementor-element-1955f84 elementor-widget elementor-widget-spacer\" data-id=\"1955f84\" data-element_type=\"widget\" data-e-type=\"widget\" data-widget_type=\"spacer.default\">\n\t\t\t\t<div class=\"elementor-widget-container\">\n\t\t\t\t\t\t\t<div class=\"elementor-spacer\">\n\t\t\t<div class=\"elementor-spacer-inner\"><\/div>\n\t\t<\/div>\n\t\t\t\t\t\t<\/div>\n\t\t\t\t<\/div>\n\t\t\t\t<div class=\"elementor-element elementor-element-dd14bfa elementor-widget elementor-widget-heading\" data-id=\"dd14bfa\" data-element_type=\"widget\" data-e-type=\"widget\" data-widget_type=\"heading.default\">\n\t\t\t\t<div class=\"elementor-widget-container\">\n\t\t\t\t\t<h5 class=\"elementor-heading-title elementor-size-default\">Discover our menu <\/h5>\t\t\t\t<\/div>\n\t\t\t\t<\/div>\n\t\t\t\t\t<\/div>\n\t\t\t\t<\/div>\n\t\t<div class=\"elementor-element elementor-element-29df256 e-flex e-con-boxed e-con e-parent\" data-id=\"29df256\" data-element_type=\"container\" data-e-type=\"container\">\n\t\t\t\t\t<div class=\"e-con-inner\">\n\t\t<div class=\"elementor-element elementor-element-658309b e-con-full e-flex e-con e-child\" data-id=\"658309b\" data-element_type=\"container\" data-e-type=\"container\" data-settings=\"{&quot;background_background&quot;:&quot;classic&quot;}\">\n\t\t\t\t<div class=\"elementor-element elementor-element-2871bec elementor-widget elementor-widget-heading\" data-id=\"2871bec\" data-element_type=\"widget\" data-e-type=\"widget\" data-widget_type=\"heading.default\">\n\t\t\t\t<div class=\"elementor-widget-container\">\n\t\t\t\t\t<h2 class=\"elementor-heading-title elementor-size-default\"><a href=\"https:\/\/mafrens.com\/en\/brunch-madrid-3\/\">LET'S BRUNCH<\/a><\/h2>\t\t\t\t<\/div>\n\t\t\t\t<\/div>\n\t\t\t\t<\/div>\n\t\t<div class=\"elementor-element elementor-element-49660e0 e-con-full e-flex e-con e-child\" data-id=\"49660e0\" data-element_type=\"container\" data-e-type=\"container\" data-settings=\"{&quot;background_background&quot;:&quot;classic&quot;}\">\n\t\t\t\t<div class=\"elementor-element elementor-element-65577c0 elementor-widget elementor-widget-heading\" data-id=\"65577c0\" data-element_type=\"widget\" data-e-type=\"widget\" data-widget_type=\"heading.default\">\n\t\t\t\t<div class=\"elementor-widget-container\">\n\t\t\t\t\t<h2 class=\"elementor-heading-title elementor-size-default\"><a href=\"https:\/\/mafrens.com\/en\/cafe-barista-madrid\/\">DRINKS<\/a><\/h2>\t\t\t\t<\/div>\n\t\t\t\t<\/div>\n\t\t\t\t<\/div>\n\t\t\t\t\t<\/div>\n\t\t\t\t<\/div>\n\t\t\t\t<\/div>","protected":false},"excerpt":{"rendered":"<p>BRUNCHEA EN MAFRENS CARTA Reserva Men\u00fa en PDF \u00bfC\u00f3mo funciona nuestro brunch? Convierte cualquier plato de la carta en brunch por 7\u20ac m\u00e1s! Elige alguno de los platos de nuestra carta Elige tu caf\u00e9 o infusi\u00f3n favorita Elige entre: Yoghurt natural con mermelada, granola y fruta \/ Porridge de avena con compota de frutas y [&hellip;]<\/p>","protected":false},"author":241229714,"featured_media":0,"parent":0,"menu_order":0,"comment_status":"closed","ping_status":"closed","template":"","meta":{"site-sidebar-layout":"no-sidebar","site-content-layout":"","ast-site-content-layout":"full-width-container","site-content-style":"default","site-sidebar-style":"default","ast-global-header-display":"","ast-banner-title-visibility":"","ast-main-header-display":"","ast-hfb-above-header-display":"","ast-hfb-below-header-display":"","ast-hfb-mobile-header-display":"","site-post-title":"disabled","ast-breadcrumbs-content":"","ast-featured-img":"disabled","footer-sml-layout":"","theme-transparent-header-meta":"","adv-header-id-meta":"","stick-header-meta":"","header-above-stick-meta":"","header-main-stick-meta":"","header-below-stick-meta":"","astra-migrate-meta-layouts":"default","ast-page-background-enabled":"default","ast-page-background-meta":{"desktop":{"background-color":"var(--ast-global-color-4)","background-image":"","background-repeat":"repeat","background-position":"center center","background-size":"auto","background-attachment":"scroll","background-type":"","background-media":"","overlay-type":"","overlay-color":"","overlay-opacity":"","overlay-gradient":""},"tablet":{"background-color":"","background-image":"","background-repeat":"repeat","background-position":"center center","background-size":"auto","background-attachment":"scroll","background-type":"","background-media":"","overlay-type":"","overlay-color":"","overlay-opacity":"","overlay-gradient":""},"mobile":{"background-color":"","background-image":"","background-repeat":"repeat","background-position":"center center","background-size":"auto","background-attachment":"scroll","background-type":"","background-media":"","overlay-type":"","overlay-color":"","overlay-opacity":"","overlay-gradient":""}},"ast-content-background-meta":{"desktop":{"background-color":"var(--ast-global-color-5)","background-image":"","background-repeat":"repeat","background-position":"center center","background-size":"auto","background-attachment":"scroll","background-type":"","background-media":"","overlay-type":"","overlay-color":"","overlay-opacity":"","overlay-gradient":""},"tablet":{"background-color":"var(--ast-global-color-5)","background-image":"","background-repeat":"repeat","background-position":"center center","background-size":"auto","background-attachment":"scroll","background-type":"","background-media":"","overlay-type":"","overlay-color":"","overlay-opacity":"","overlay-gradient":""},"mobile":{"background-color":"var(--ast-global-color-5)","background-image":"","background-repeat":"repeat","background-position":"center center","background-size":"auto","background-attachment":"scroll","background-type":"","background-media":"","overlay-type":"","overlay-color":"","overlay-opacity":"","overlay-gradient":""}},"footnotes":""},"class_list":["post-3086","page","type-page","status-publish","hentry"],"yoast_head":"<!-- This site is optimized with the Yoast SEO Premium plugin v20.0 (Yoast SEO v25.2) - https:\/\/yoast.com\/wordpress\/plugins\/seo\/ -->\n<title>Men\u00fa mafrens - Mafrens | Cafeter\u00eda healthy y Caf\u00e9 de especialidad en Madrid<\/title>\n<meta name=\"description\" content=\"Descarga nuestro men\u00fa aqu\u00ed (ES\/ENG). ?Precios disponibles ?Navega por nuestra web para ver fotos de nuestros platos ? Brunch todos los d\u00edas\" \/>\n<meta name=\"robots\" content=\"index, follow, max-snippet:-1, max-image-preview:large, max-video-preview:-1\" \/>\n<link rel=\"canonical\" href=\"https:\/\/mafrens.com\/en\/menu-mafrens\/\" \/>\n<meta property=\"og:locale\" content=\"en_GB\" \/>\n<meta property=\"og:type\" content=\"article\" \/>\n<meta property=\"og:title\" content=\"Men\u00fa mafrens\" \/>\n<meta property=\"og:description\" content=\"Descarga nuestro men\u00fa aqu\u00ed (ES\/ENG). ?Precios disponibles ?Navega por nuestra web para ver fotos de nuestros platos ? Brunch todos los d\u00edas\" \/>\n<meta property=\"og:url\" content=\"https:\/\/mafrens.com\/en\/menu-mafrens\/\" \/>\n<meta property=\"og:site_name\" content=\"Mafrens | Cafeter\u00eda healthy y Caf\u00e9 de especialidad en Madrid\" \/>\n<meta property=\"article:modified_time\" content=\"2025-10-31T19:25:14+00:00\" \/>\n<meta property=\"og:image\" content=\"https:\/\/mafrens.com\/wp-content\/uploads\/elementor\/thumbs\/pancakes-qu1yuaqqhl9940xx4l3iq7riajcuufl7eh15mc14sy.png\" \/>\n<meta name=\"twitter:card\" content=\"summary_large_image\" \/>\n<meta name=\"twitter:label1\" content=\"Estimated reading time\" \/>\n\t<meta name=\"twitter:data1\" content=\"2 minutes\" \/>\n<script type=\"application\/ld+json\" class=\"yoast-schema-graph\">{\"@context\":\"https:\/\/schema.org\",\"@graph\":[{\"@type\":\"WebPage\",\"@id\":\"https:\/\/mafrens.com\/menu-mafrens\/\",\"url\":\"https:\/\/mafrens.com\/menu-mafrens\/\",\"name\":\"Men\u00fa mafrens - Mafrens | Cafeter\u00eda healthy y Caf\u00e9 de especialidad en Madrid\",\"isPartOf\":{\"@id\":\"https:\/\/mafrens.com\/#website\"},\"primaryImageOfPage\":{\"@id\":\"https:\/\/mafrens.com\/menu-mafrens\/#primaryimage\"},\"image\":{\"@id\":\"https:\/\/mafrens.com\/menu-mafrens\/#primaryimage\"},\"thumbnailUrl\":\"https:\/\/mafrens.com\/wp-content\/uploads\/elementor\/thumbs\/pancakes-qu1yuaqqhl9940xx4l3iq7riajcuufl7eh15mc14sy.png\",\"datePublished\":\"2024-01-28T20:05:55+00:00\",\"dateModified\":\"2025-10-31T19:25:14+00:00\",\"description\":\"Descarga nuestro men\u00fa aqu\u00ed (ES\/ENG). ?Precios disponibles ?Navega por nuestra web para ver fotos de nuestros platos ? Brunch todos los d\u00edas\",\"breadcrumb\":{\"@id\":\"https:\/\/mafrens.com\/menu-mafrens\/#breadcrumb\"},\"inLanguage\":\"en-GB\",\"potentialAction\":[{\"@type\":\"ReadAction\",\"target\":[\"https:\/\/mafrens.com\/menu-mafrens\/\"]}]},{\"@type\":\"ImageObject\",\"inLanguage\":\"en-GB\",\"@id\":\"https:\/\/mafrens.com\/menu-mafrens\/#primaryimage\",\"url\":\"https:\/\/mafrens.com\/wp-content\/uploads\/elementor\/thumbs\/pancakes-qu1yuaqqhl9940xx4l3iq7riajcuufl7eh15mc14sy.png\",\"contentUrl\":\"https:\/\/mafrens.com\/wp-content\/uploads\/elementor\/thumbs\/pancakes-qu1yuaqqhl9940xx4l3iq7riajcuufl7eh15mc14sy.png\"},{\"@type\":\"BreadcrumbList\",\"@id\":\"https:\/\/mafrens.com\/menu-mafrens\/#breadcrumb\",\"itemListElement\":[{\"@type\":\"ListItem\",\"position\":1,\"name\":\"Portada\",\"item\":\"https:\/\/mafrens.com\/\"},{\"@type\":\"ListItem\",\"position\":2,\"name\":\"Men\u00fa mafrens\"}]},{\"@type\":\"WebSite\",\"@id\":\"https:\/\/mafrens.com\/#website\",\"url\":\"https:\/\/mafrens.com\/\",\"name\":\"Mafrens | Cafeter\u00eda healthy y Caf\u00e9 de especialidad en Madrid\",\"description\":\"Bienvenido a Mafrens: tu cafeter\u00eda healthy de confianza en La Latina. Caf\u00e9 de especialidad, brunch y comida saludable en Madrid. Desayunos - Comidas \u2013 Meriendas\",\"publisher\":{\"@id\":\"https:\/\/mafrens.com\/#organization\"},\"potentialAction\":[{\"@type\":\"SearchAction\",\"target\":{\"@type\":\"EntryPoint\",\"urlTemplate\":\"https:\/\/mafrens.com\/?s={search_term_string}\"},\"query-input\":{\"@type\":\"PropertyValueSpecification\",\"valueRequired\":true,\"valueName\":\"search_term_string\"}}],\"inLanguage\":\"en-GB\"},{\"@type\":\"Organization\",\"@id\":\"https:\/\/mafrens.com\/#organization\",\"name\":\"Mafrens | Cafeter\u00eda healthy y Caf\u00e9 de especialidad en Madrid\",\"url\":\"https:\/\/mafrens.com\/\",\"logo\":{\"@type\":\"ImageObject\",\"inLanguage\":\"en-GB\",\"@id\":\"https:\/\/mafrens.com\/#\/schema\/logo\/image\/\",\"url\":\"https:\/\/mafrens.com\/wp-content\/uploads\/2023\/10\/cropped-logo-png-1.png\",\"contentUrl\":\"https:\/\/mafrens.com\/wp-content\/uploads\/2023\/10\/cropped-logo-png-1.png\",\"width\":1079,\"height\":360,\"caption\":\"Mafrens | Cafeter\u00eda healthy y Caf\u00e9 de especialidad en Madrid\"},\"image\":{\"@id\":\"https:\/\/mafrens.com\/#\/schema\/logo\/image\/\"}}]}<\/script>\n<!-- \/ Yoast SEO Premium plugin. -->","yoast_head_json":{"title":"Men\u00fa mafrens - Mafrens | Cafeter\u00eda healthy y Caf\u00e9 de especialidad en Madrid","description":"Descarga nuestro men\u00fa aqu\u00ed (ES\/ENG). ?Precios disponibles ?Navega por nuestra web para ver fotos de nuestros platos ? Brunch todos los d\u00edas","robots":{"index":"index","follow":"follow","max-snippet":"max-snippet:-1","max-image-preview":"max-image-preview:large","max-video-preview":"max-video-preview:-1"},"canonical":"https:\/\/mafrens.com\/en\/menu-mafrens\/","og_locale":"en_GB","og_type":"article","og_title":"Men\u00fa mafrens","og_description":"Descarga nuestro men\u00fa aqu\u00ed (ES\/ENG). ?Precios disponibles ?Navega por nuestra web para ver fotos de nuestros platos ? Brunch todos los d\u00edas","og_url":"https:\/\/mafrens.com\/en\/menu-mafrens\/","og_site_name":"Mafrens | Cafeter\u00eda healthy y Caf\u00e9 de especialidad en Madrid","article_modified_time":"2025-10-31T19:25:14+00:00","og_image":[{"url":"https:\/\/mafrens.com\/wp-content\/uploads\/elementor\/thumbs\/pancakes-qu1yuaqqhl9940xx4l3iq7riajcuufl7eh15mc14sy.png","type":"","width":"","height":""}],"twitter_card":"summary_large_image","twitter_misc":{"Estimated reading time":"2 minutes"},"schema":{"@context":"https:\/\/schema.org","@graph":[{"@type":"WebPage","@id":"https:\/\/mafrens.com\/menu-mafrens\/","url":"https:\/\/mafrens.com\/menu-mafrens\/","name":"Men\u00fa mafrens - Mafrens | Cafeter\u00eda healthy y Caf\u00e9 de especialidad en Madrid","isPartOf":{"@id":"https:\/\/mafrens.com\/#website"},"primaryImageOfPage":{"@id":"https:\/\/mafrens.com\/menu-mafrens\/#primaryimage"},"image":{"@id":"https:\/\/mafrens.com\/menu-mafrens\/#primaryimage"},"thumbnailUrl":"https:\/\/mafrens.com\/wp-content\/uploads\/elementor\/thumbs\/pancakes-qu1yuaqqhl9940xx4l3iq7riajcuufl7eh15mc14sy.png","datePublished":"2024-01-28T20:05:55+00:00","dateModified":"2025-10-31T19:25:14+00:00","description":"Descarga nuestro men\u00fa aqu\u00ed (ES\/ENG). ?Precios disponibles ?Navega por nuestra web para ver fotos de nuestros platos ? Brunch todos los d\u00edas","breadcrumb":{"@id":"https:\/\/mafrens.com\/menu-mafrens\/#breadcrumb"},"inLanguage":"en-GB","potentialAction":[{"@type":"ReadAction","target":["https:\/\/mafrens.com\/menu-mafrens\/"]}]},{"@type":"ImageObject","inLanguage":"en-GB","@id":"https:\/\/mafrens.com\/menu-mafrens\/#primaryimage","url":"https:\/\/mafrens.com\/wp-content\/uploads\/elementor\/thumbs\/pancakes-qu1yuaqqhl9940xx4l3iq7riajcuufl7eh15mc14sy.png","contentUrl":"https:\/\/mafrens.com\/wp-content\/uploads\/elementor\/thumbs\/pancakes-qu1yuaqqhl9940xx4l3iq7riajcuufl7eh15mc14sy.png"},{"@type":"BreadcrumbList","@id":"https:\/\/mafrens.com\/menu-mafrens\/#breadcrumb","itemListElement":[{"@type":"ListItem","position":1,"name":"Portada","item":"https:\/\/mafrens.com\/"},{"@type":"ListItem","position":2,"name":"Men\u00fa mafrens"}]},{"@type":"WebSite","@id":"https:\/\/mafrens.com\/#website","url":"https:\/\/mafrens.com\/","name":"Mafrens | Cafeter\u00eda healthy y Caf\u00e9 de especialidad en Madrid","description":"Bienvenido a Mafrens: tu cafeter\u00eda healthy de confianza en La Latina. Caf\u00e9 de especialidad, brunch y comida saludable en Madrid. Desayunos - Comidas \u2013 Meriendas","publisher":{"@id":"https:\/\/mafrens.com\/#organization"},"potentialAction":[{"@type":"SearchAction","target":{"@type":"EntryPoint","urlTemplate":"https:\/\/mafrens.com\/?s={search_term_string}"},"query-input":{"@type":"PropertyValueSpecification","valueRequired":true,"valueName":"search_term_string"}}],"inLanguage":"en-GB"},{"@type":"Organization","@id":"https:\/\/mafrens.com\/#organization","name":"Mafrens | Cafeter\u00eda healthy y Caf\u00e9 de especialidad en Madrid","url":"https:\/\/mafrens.com\/","logo":{"@type":"ImageObject","inLanguage":"en-GB","@id":"https:\/\/mafrens.com\/#\/schema\/logo\/image\/","url":"https:\/\/mafrens.com\/wp-content\/uploads\/2023\/10\/cropped-logo-png-1.png","contentUrl":"https:\/\/mafrens.com\/wp-content\/uploads\/2023\/10\/cropped-logo-png-1.png","width":1079,"height":360,"caption":"Mafrens | Cafeter\u00eda healthy y Caf\u00e9 de especialidad en Madrid"},"image":{"@id":"https:\/\/mafrens.com\/#\/schema\/logo\/image\/"}}]}},"_links":{"self":[{"href":"https:\/\/mafrens.com\/en\/wp-json\/wp\/v2\/pages\/3086","targetHints":{"allow":["GET"]}}],"collection":[{"href":"https:\/\/mafrens.com\/en\/wp-json\/wp\/v2\/pages"}],"about":[{"href":"https:\/\/mafrens.com\/en\/wp-json\/wp\/v2\/types\/page"}],"author":[{"embeddable":true,"href":"https:\/\/mafrens.com\/en\/wp-json\/wp\/v2\/users\/241229714"}],"replies":[{"embeddable":true,"href":"https:\/\/mafrens.com\/en\/wp-json\/wp\/v2\/comments?post=3086"}],"version-history":[{"count":85,"href":"https:\/\/mafrens.com\/en\/wp-json\/wp\/v2\/pages\/3086\/revisions"}],"predecessor-version":[{"id":4396,"href":"https:\/\/mafrens.com\/en\/wp-json\/wp\/v2\/pages\/3086\/revisions\/4396"}],"wp:attachment":[{"href":"https:\/\/mafrens.com\/en\/wp-json\/wp\/v2\/media?parent=3086"}],"curies":[{"name":"wp","href":"https:\/\/api.w.org\/{rel}","templated":true}]}}